{"id":8229,"date":"2024-10-13T14:40:49","date_gmt":"2024-10-13T14:40:49","guid":{"rendered":"https:\/\/dirco.gov.za\/mexico\/contact-us\/"},"modified":"2025-07-05T20:31:18","modified_gmt":"2025-07-05T20:31:18","slug":"contact-us","status":"publish","type":"page","link":"https:\/\/dirco.gov.za\/mexico\/contact-us\/","title":{"rendered":"Contact Us"},"content":{"rendered":"\t\t<div data-elementor-type=\"wp-page\" data-elementor-id=\"8229\" class=\"elementor elementor-8229\" data-elementor-post-type=\"page\">\n\t\t\t\t<div class=\"aux-parallax-section elementor-element elementor-element-9b4bbe3 e-con-full e-flex e-con e-parent\" data-id=\"9b4bbe3\" data-element_type=\"container\" data-e-type=\"container\">\n\t\t\t\t<div class=\"elementor-element elementor-element-b87d2d4 elementor-widget elementor-widget-heading\" data-id=\"b87d2d4\" data-element_type=\"widget\" data-e-type=\"widget\" data-widget_type=\"heading.default\">\n\t\t\t\t<div class=\"elementor-widget-container\">\n\t\t\t\t\t<h6 class=\"elementor-heading-title elementor-size-large\">CONTACT US<\/h6>\t\t\t\t<\/div>\n\t\t\t\t<\/div>\n\t\t\t\t<div class=\"elementor-element elementor-element-3957800 elementor-widget elementor-widget-spacer\" data-id=\"3957800\" data-element_type=\"widget\" data-e-type=\"widget\" data-widget_type=\"spacer.default\">\n\t\t\t\t<div class=\"elementor-widget-container\">\n\t\t\t\t\t\t\t<div class=\"elementor-spacer\">\n\t\t\t<div class=\"elementor-spacer-inner\"><\/div>\n\t\t<\/div>\n\t\t\t\t\t\t<\/div>\n\t\t\t\t<\/div>\n\t\t\t\t<\/div>\n\t\t<div class=\"aux-parallax-section elementor-element elementor-element-4921ce3 e-con-full e-flex e-con e-parent\" data-id=\"4921ce3\" data-element_type=\"container\" data-e-type=\"container\">\n\t\t\t\t<div class=\"elementor-element elementor-element-7cf5b16 elementor-widget elementor-widget-text-editor\" data-id=\"7cf5b16\" data-element_type=\"widget\" data-e-type=\"widget\" data-widget_type=\"text-editor.default\">\n\t\t\t\t<div class=\"elementor-widget-container\">\n\t\t\t\t\t\t\t\t\t<p class=\"s2\">Embassy address<\/p><p class=\"s2\">South African Embassy in Mexico City<\/p><p class=\"s2\">Andres Bello 10<\/p><p class=\"s2\">Forum Building<\/p><p class=\"s2\">Polanco<\/p><p class=\"s2\">11560<\/p>\t\t\t\t\t\t\t\t<\/div>\n\t\t\t\t<\/div>\n\t\t\t\t<div class=\"elementor-element elementor-element-4100999 elementor-widget__width-initial elementor-widget elementor-widget-text-editor\" data-id=\"4100999\" data-element_type=\"widget\" data-e-type=\"widget\" data-widget_type=\"text-editor.default\">\n\t\t\t\t<div class=\"elementor-widget-container\">\n\t\t\t\t\t\t\t\t\t<h2 style=\"text-align: center;\"><b><span lang=\"ES-MX\">TELEPHONES<\/span><\/b><\/h2><p style=\"text-align: center;\"><a href=\"https:\/\/embajadasudafrica.mx\/wp-content\/uploads\/2022\/04\/Infografia-telephone.png\"><img decoding=\"async\" class=\"wp-image-3750 size-thumbnail aligncenter\" src=\"https:\/\/embajadasudafrica.mx\/wp-content\/uploads\/2022\/04\/Infografia-telephone-150x150.png\" alt=\"\" width=\"150\" height=\"150\" srcset=\"https:\/\/dirco.gov.za\/mexico\/wp-content\/uploads\/sites\/61\/2022\/04\/Infografia-telephone-150x150.png 150w, https:\/\/dirco.gov.za\/mexico\/wp-content\/uploads\/sites\/61\/2022\/04\/Infografia-telephone-300x300.png 300w\" sizes=\"(max-width: 150px) 100vw, 150px\" \/><\/a><\/p><p style=\"text-align: center;\"><strong>Official Telephone:<\/strong><\/p><h3 style=\"text-align: center;\"><strong><span style=\"color: #ff0000;\">+52-55-1100-4970<\/span> <\/strong><\/h3><h3 style=\"text-align: center;\"><strong><span style=\"color: #ff0000;\">+52-55-1100-4975<\/span><\/strong><\/h3><h3 style=\"text-align: center;\"><strong><span style=\"color: #ff0000;\">+52-55-1100-4974<\/span><\/strong><\/h3><p style=\"text-align: center;\"><strong>Monday to Thursday<\/strong> from 09:00 to 16:00hrs<br \/><strong>Fridays<\/strong>: from 09:00 to 13:00hrs<\/p><p style=\"text-align: center;\"><a href=\"https:\/\/embajadasudafrica.mx\/wp-content\/uploads\/2022\/04\/Infografia-telephone.png\"><img decoding=\"async\" class=\"wp-image-3750 size-thumbnail aligncenter\" src=\"https:\/\/embajadasudafrica.mx\/wp-content\/uploads\/2022\/04\/Infografia-telephone-150x150.png\" alt=\"\" width=\"150\" height=\"150\" srcset=\"https:\/\/dirco.gov.za\/mexico\/wp-content\/uploads\/sites\/61\/2022\/04\/Infografia-telephone-150x150.png 150w, https:\/\/dirco.gov.za\/mexico\/wp-content\/uploads\/sites\/61\/2022\/04\/Infografia-telephone-300x300.png 300w\" sizes=\"(max-width: 150px) 100vw, 150px\" \/><\/a><\/p><p style=\"text-align: center;\"><strong><span style=\"color: #ff0000;\">EMERGENCY<\/span> Telephone:<\/strong><\/p><p style=\"text-align: center;\"><span style=\"color: #000000;\"><strong><em>For after office hours inquiries (emergency only):<\/em><\/strong><\/span><\/p><p style=\"text-align: center;\">Este n\u00famero telef\u00f3nico es para EMERGENCIAS (en ingl\u00e9s) para ciudadanos sudafricanos;<br \/><strong>NO<\/strong> para asuntos relacionados con visas.<\/p><p style=\"text-align: center;\">Su uso est\u00e1 restringido a un horario fuera de las horas de oficina.<br \/>Si usted NO tiene una emergencia, <strong>NO<\/strong> llame a este n\u00famero:<\/p><h3 style=\"text-align: center;\"><span style=\"color: #ff0000;\"><strong>+52-55-9197-6002<\/strong><\/span><\/h3><p style=\"text-align: center;\"><strong>Monday to Thursday<\/strong> from 16:00 to 08:00 hrs<br \/><strong>Fridays<\/strong>: from 13:00hrs onwards<\/p><table width=\"305\"><tbody><tr><td colspan=\"2\" width=\"441\">\u00a0<\/td><\/tr><\/tbody><\/table><p>\u00a0<\/p>\t\t\t\t\t\t\t\t<\/div>\n\t\t\t\t<\/div>\n\t\t\t\t<\/div>\n\t\t\t\t<\/div>\n\t\t","protected":false},"excerpt":{"rendered":"<p>CONTACT US Embassy address South African Embassy in Mexico City Andres Bello 10 Forum Building Polanco 11560 TELEPHONES Official Telephone: +52-55-1100-4970 +52-55-1100-4975 +52-55-1100-4974 Monday to Thursday from 09:00 to 16:00hrsFridays: from 09:00 to 13:00hrs EMERGENCY Telephone: For after office hours inquiries (emergency only): Este n\u00famero telef\u00f3nico es para EMERGENCIAS (en ingl\u00e9s) para ciudadanos sudafricanos;NO para [&hellip;]<\/p>\n","protected":false},"author":11,"featured_media":0,"parent":0,"menu_order":0,"comment_status":"closed","ping_status":"closed","template":"","meta":{"_uf_show_specific_survey":0,"_uf_disable_surveys":false,"footnotes":""},"class_list":["post-8229","page","type-page","status-publish","hentry"],"yoast_head":"<!-- This site is optimized with the Yoast SEO plugin v27.4 - https:\/\/yoast.com\/product\/yoast-seo-wordpress\/ -->\n<title>Contact Us - South African Embassy in Mexico<\/title>\n<meta name=\"robots\" content=\"index, follow, max-snippet:-1, max-image-preview:large, max-video-preview:-1\" \/>\n<link rel=\"canonical\" href=\"https:\/\/dirco.gov.za\/mexico\/contact-us\/\" \/>\n<meta property=\"og:locale\" content=\"en_US\" \/>\n<meta property=\"og:type\" content=\"article\" \/>\n<meta property=\"og:title\" content=\"Contact Us - South African Embassy in Mexico\" \/>\n<meta property=\"og:description\" content=\"CONTACT US Embassy address South African Embassy in Mexico City Andres Bello 10 Forum Building Polanco 11560 TELEPHONES Official Telephone: +52-55-1100-4970 +52-55-1100-4975 +52-55-1100-4974 Monday to Thursday from 09:00 to 16:00hrsFridays: from 09:00 to 13:00hrs EMERGENCY Telephone: For after office hours inquiries (emergency only): Este n\u00famero telef\u00f3nico es para EMERGENCIAS (en ingl\u00e9s) para ciudadanos sudafricanos;NO para [&hellip;]\" \/>\n<meta property=\"og:url\" content=\"https:\/\/dirco.gov.za\/mexico\/contact-us\/\" \/>\n<meta property=\"og:site_name\" content=\"South African Embassy in Mexico\" \/>\n<meta property=\"article:modified_time\" content=\"2025-07-05T20:31:18+00:00\" \/>\n<meta property=\"og:image\" content=\"https:\/\/dirco.gov.za\/mexico\/wp-content\/uploads\/sites\/61\/2022\/04\/Infografia-telephone.png\" \/>\n\t<meta property=\"og:image:width\" content=\"600\" \/>\n\t<meta property=\"og:image:height\" content=\"516\" \/>\n\t<meta property=\"og:image:type\" content=\"image\/png\" \/>\n<meta name=\"twitter:card\" content=\"summary_large_image\" \/>\n<meta name=\"twitter:label1\" content=\"Est. reading time\" \/>\n\t<meta name=\"twitter:data1\" content=\"1 minute\" \/>\n<script type=\"application\/ld+json\" class=\"yoast-schema-graph\">{\"@context\":\"https:\\\/\\\/schema.org\",\"@graph\":[{\"@type\":\"WebPage\",\"@id\":\"https:\\\/\\\/dirco.gov.za\\\/mexico\\\/contact-us\\\/\",\"url\":\"https:\\\/\\\/dirco.gov.za\\\/mexico\\\/contact-us\\\/\",\"name\":\"Contact Us - South African Embassy in Mexico\",\"isPartOf\":{\"@id\":\"https:\\\/\\\/dirco.gov.za\\\/mexico\\\/#website\"},\"primaryImageOfPage\":{\"@id\":\"https:\\\/\\\/dirco.gov.za\\\/mexico\\\/contact-us\\\/#primaryimage\"},\"image\":{\"@id\":\"https:\\\/\\\/dirco.gov.za\\\/mexico\\\/contact-us\\\/#primaryimage\"},\"thumbnailUrl\":\"https:\\\/\\\/embajadasudafrica.mx\\\/wp-content\\\/uploads\\\/2022\\\/04\\\/Infografia-telephone-150x150.png\",\"datePublished\":\"2024-10-13T14:40:49+00:00\",\"dateModified\":\"2025-07-05T20:31:18+00:00\",\"breadcrumb\":{\"@id\":\"https:\\\/\\\/dirco.gov.za\\\/mexico\\\/contact-us\\\/#breadcrumb\"},\"inLanguage\":\"en-US\",\"potentialAction\":[{\"@type\":\"ReadAction\",\"target\":[\"https:\\\/\\\/dirco.gov.za\\\/mexico\\\/contact-us\\\/\"]}]},{\"@type\":\"ImageObject\",\"inLanguage\":\"en-US\",\"@id\":\"https:\\\/\\\/dirco.gov.za\\\/mexico\\\/contact-us\\\/#primaryimage\",\"url\":\"https:\\\/\\\/embajadasudafrica.mx\\\/wp-content\\\/uploads\\\/2022\\\/04\\\/Infografia-telephone-150x150.png\",\"contentUrl\":\"https:\\\/\\\/embajadasudafrica.mx\\\/wp-content\\\/uploads\\\/2022\\\/04\\\/Infografia-telephone-150x150.png\"},{\"@type\":\"BreadcrumbList\",\"@id\":\"https:\\\/\\\/dirco.gov.za\\\/mexico\\\/contact-us\\\/#breadcrumb\",\"itemListElement\":[{\"@type\":\"ListItem\",\"position\":1,\"name\":\"Home\",\"item\":\"https:\\\/\\\/dirco.gov.za\\\/mexico\\\/\"},{\"@type\":\"ListItem\",\"position\":2,\"name\":\"Contact Us\"}]},{\"@type\":\"WebSite\",\"@id\":\"https:\\\/\\\/dirco.gov.za\\\/mexico\\\/#website\",\"url\":\"https:\\\/\\\/dirco.gov.za\\\/mexico\\\/\",\"name\":\"South African Embassy in Mexico\",\"description\":\"\",\"potentialAction\":[{\"@type\":\"SearchAction\",\"target\":{\"@type\":\"EntryPoint\",\"urlTemplate\":\"https:\\\/\\\/dirco.gov.za\\\/mexico\\\/?s={search_term_string}\"},\"query-input\":{\"@type\":\"PropertyValueSpecification\",\"valueRequired\":true,\"valueName\":\"search_term_string\"}}],\"inLanguage\":\"en-US\"}]}<\/script>\n<!-- \/ Yoast SEO plugin. -->","yoast_head_json":{"title":"Contact Us - South African Embassy in Mexico","robots":{"index":"index","follow":"follow","max-snippet":"max-snippet:-1","max-image-preview":"max-image-preview:large","max-video-preview":"max-video-preview:-1"},"canonical":"https:\/\/dirco.gov.za\/mexico\/contact-us\/","og_locale":"en_US","og_type":"article","og_title":"Contact Us - South African Embassy in Mexico","og_description":"CONTACT US Embassy address South African Embassy in Mexico City Andres Bello 10 Forum Building Polanco 11560 TELEPHONES Official Telephone: +52-55-1100-4970 +52-55-1100-4975 +52-55-1100-4974 Monday to Thursday from 09:00 to 16:00hrsFridays: from 09:00 to 13:00hrs EMERGENCY Telephone: For after office hours inquiries (emergency only): Este n\u00famero telef\u00f3nico es para EMERGENCIAS (en ingl\u00e9s) para ciudadanos sudafricanos;NO para [&hellip;]","og_url":"https:\/\/dirco.gov.za\/mexico\/contact-us\/","og_site_name":"South African Embassy in Mexico","article_modified_time":"2025-07-05T20:31:18+00:00","og_image":[{"width":600,"height":516,"url":"https:\/\/dirco.gov.za\/mexico\/wp-content\/uploads\/sites\/61\/2022\/04\/Infografia-telephone.png","type":"image\/png"}],"twitter_card":"summary_large_image","twitter_misc":{"Est. reading time":"1 minute"},"schema":{"@context":"https:\/\/schema.org","@graph":[{"@type":"WebPage","@id":"https:\/\/dirco.gov.za\/mexico\/contact-us\/","url":"https:\/\/dirco.gov.za\/mexico\/contact-us\/","name":"Contact Us - South African Embassy in Mexico","isPartOf":{"@id":"https:\/\/dirco.gov.za\/mexico\/#website"},"primaryImageOfPage":{"@id":"https:\/\/dirco.gov.za\/mexico\/contact-us\/#primaryimage"},"image":{"@id":"https:\/\/dirco.gov.za\/mexico\/contact-us\/#primaryimage"},"thumbnailUrl":"https:\/\/embajadasudafrica.mx\/wp-content\/uploads\/2022\/04\/Infografia-telephone-150x150.png","datePublished":"2024-10-13T14:40:49+00:00","dateModified":"2025-07-05T20:31:18+00:00","breadcrumb":{"@id":"https:\/\/dirco.gov.za\/mexico\/contact-us\/#breadcrumb"},"inLanguage":"en-US","potentialAction":[{"@type":"ReadAction","target":["https:\/\/dirco.gov.za\/mexico\/contact-us\/"]}]},{"@type":"ImageObject","inLanguage":"en-US","@id":"https:\/\/dirco.gov.za\/mexico\/contact-us\/#primaryimage","url":"https:\/\/embajadasudafrica.mx\/wp-content\/uploads\/2022\/04\/Infografia-telephone-150x150.png","contentUrl":"https:\/\/embajadasudafrica.mx\/wp-content\/uploads\/2022\/04\/Infografia-telephone-150x150.png"},{"@type":"BreadcrumbList","@id":"https:\/\/dirco.gov.za\/mexico\/contact-us\/#breadcrumb","itemListElement":[{"@type":"ListItem","position":1,"name":"Home","item":"https:\/\/dirco.gov.za\/mexico\/"},{"@type":"ListItem","position":2,"name":"Contact Us"}]},{"@type":"WebSite","@id":"https:\/\/dirco.gov.za\/mexico\/#website","url":"https:\/\/dirco.gov.za\/mexico\/","name":"South African Embassy in Mexico","description":"","potentialAction":[{"@type":"SearchAction","target":{"@type":"EntryPoint","urlTemplate":"https:\/\/dirco.gov.za\/mexico\/?s={search_term_string}"},"query-input":{"@type":"PropertyValueSpecification","valueRequired":true,"valueName":"search_term_string"}}],"inLanguage":"en-US"}]}},"_links":{"self":[{"href":"https:\/\/dirco.gov.za\/mexico\/wp-json\/wp\/v2\/pages\/8229","targetHints":{"allow":["GET"]}}],"collection":[{"href":"https:\/\/dirco.gov.za\/mexico\/wp-json\/wp\/v2\/pages"}],"about":[{"href":"https:\/\/dirco.gov.za\/mexico\/wp-json\/wp\/v2\/types\/page"}],"author":[{"embeddable":true,"href":"https:\/\/dirco.gov.za\/mexico\/wp-json\/wp\/v2\/users\/11"}],"replies":[{"embeddable":true,"href":"https:\/\/dirco.gov.za\/mexico\/wp-json\/wp\/v2\/comments?post=8229"}],"version-history":[{"count":37,"href":"https:\/\/dirco.gov.za\/mexico\/wp-json\/wp\/v2\/pages\/8229\/revisions"}],"predecessor-version":[{"id":9399,"href":"https:\/\/dirco.gov.za\/mexico\/wp-json\/wp\/v2\/pages\/8229\/revisions\/9399"}],"wp:attachment":[{"href":"https:\/\/dirco.gov.za\/mexico\/wp-json\/wp\/v2\/media?parent=8229"}],"curies":[{"name":"wp","href":"https:\/\/api.w.org\/{rel}","templated":true}]}}