{"id":129,"date":"2024-02-08T14:27:48","date_gmt":"2024-02-08T14:27:48","guid":{"rendered":"https:\/\/dirco.gov.za\/turkey\/contact-us\/"},"modified":"2024-07-30T14:38:43","modified_gmt":"2024-07-30T14:38:43","slug":"contact-us","status":"publish","type":"page","link":"https:\/\/dirco.gov.za\/ankara\/contact-us\/","title":{"rendered":"Contact Us"},"content":{"rendered":"\t\t<div data-elementor-type=\"wp-page\" data-elementor-id=\"129\" class=\"elementor elementor-129\" data-elementor-post-type=\"page\">\n\t\t\t\t<div class=\"aux-parallax-section elementor-element elementor-element-4ccf95af e-flex e-con-boxed e-con e-parent\" data-id=\"4ccf95af\" data-element_type=\"container\" data-e-type=\"container\">\n\t\t\t\t\t<div class=\"e-con-inner\">\n\t\t<div class=\"elementor-element elementor-element-67b444c0 e-con-full e-flex e-con e-child\" data-id=\"67b444c0\" data-element_type=\"container\" data-e-type=\"container\">\n\t\t\t\t<div class=\"elementor-element elementor-element-7be2eced elementor-widget elementor-widget-heading\" data-id=\"7be2eced\" data-element_type=\"widget\" data-e-type=\"widget\" data-widget_type=\"heading.default\">\n\t\t\t\t<div class=\"elementor-widget-container\">\n\t\t\t\t\t<h6 class=\"elementor-heading-title elementor-size-default\">CONTACT US<\/h6>\t\t\t\t<\/div>\n\t\t\t\t<\/div>\n\t\t\t\t<\/div>\n\t\t\t\t\t<\/div>\n\t\t\t\t<\/div>\n\t\t<div class=\"aux-parallax-section elementor-element elementor-element-52afd99e e-con-full e-flex e-con e-parent\" data-id=\"52afd99e\" data-element_type=\"container\" data-e-type=\"container\">\n\t\t<div class=\"elementor-element elementor-element-3e0dedea e-con-full e-flex e-con e-child\" data-id=\"3e0dedea\" data-element_type=\"container\" data-e-type=\"container\">\n\t\t\t\t<div class=\"elementor-element elementor-element-1d2dd8cc elementor-widget__width-initial elementor-widget elementor-widget-text-editor\" data-id=\"1d2dd8cc\" data-element_type=\"widget\" data-e-type=\"widget\" data-widget_type=\"text-editor.default\">\n\t\t\t\t<div class=\"elementor-widget-container\">\n\t\t\t\t\t\t\t\t\t<div id=\"block-danland-page-title\" class=\"block\"><div class=\"content\"><h1 class=\"page-title\"><strong style=\"font-size: 16px;\">E-mail Addresses<\/strong><\/h1><\/div><\/div><div id=\"block-danland-content\" class=\"block\"><div class=\"content\"><article class=\"node node--type-page node--view-mode-full\" role=\"article\" data-history-node-id=\"3\"><div class=\"content\"><div class=\"layout layout--onecol\"><div class=\"layout__region layout__region--content\"><div class=\"clearfix text-formatted field field--name-body field--type-text-with-summary field--label-hidden field__item\"><p>General: <a href=\"mailto:political.ankara@foreign.gov.za\">general.ankara@dirco.gov.za<\/a>\u00a0<\/p><p><strong>Physical address<\/strong><br \/>Temporary address<br \/>Y\u0131ld\u0131zevler Mah. Rabindranath Tagore Cad. No: 10\/3-4<br \/>Y\u0131ld\u0131z \u00c7ankaya<br \/>Ankara<br \/>06700<br \/>T\u00fcrkiye<\/p><p><strong>Postal Address<\/strong><\/p><p><strong>Contact numbers<\/strong><br \/>Telephone:\u00a0 \u00a0 \u00a0 + 90 312 405 68 61\u00a0<br \/>\u00a0Tel:\u00a0 \u00a0 \u00a0 \u00a0 \u00a0 \u00a0 \u00a0 \u00a0 \u00a0+ 90 312 405 68 71 (Consular)<br \/>Fax:\u00a0 \u00a0 \u00a0 \u00a0 \u00a0 \u00a0 \u00a0 \u00a0 \u00a0+ 90 312 446 64 34<br \/>After hours:\u00a0 \u00a0 \u00a0(officer of duty)<br \/>\u00a0 \u00a0 \u00a0 \u00a0 \u00a0 \u00a0 \u00a0 \u00a0 \u00a0 \u00a0 \u00a0 \u00a0 \u00a0(security desk)<br \/>Head Office:\u00a0 \u00a0+ 27 12 351 1000<\/p><p><strong>Working Hours<\/strong><br \/>Monday to Friday:\u00a0\u00a0<\/p><p><strong>Public Holidays<\/strong><\/p><\/div><\/div><\/div><\/div><\/article><\/div><\/div>\t\t\t\t\t\t\t\t<\/div>\n\t\t\t\t<\/div>\n\t\t\t\t<\/div>\n\t\t<div class=\"elementor-element elementor-element-62ead4b7 e-con-full e-flex e-con e-child\" data-id=\"62ead4b7\" data-element_type=\"container\" data-e-type=\"container\">\n\t\t\t\t<div class=\"elementor-element elementor-element-5d2a86da elementor-widget__width-initial elementor-widget elementor-widget-image\" data-id=\"5d2a86da\" data-element_type=\"widget\" data-e-type=\"widget\" data-widget_type=\"image.default\">\n\t\t\t\t<div class=\"elementor-widget-container\">\n\t\t\t\t\t\t\t\t\t\t\t\t\t\t\t<img fetchpriority=\"high\" decoding=\"async\" width=\"1024\" height=\"768\" src=\"https:\/\/dirco.gov.za\/ankara\/wp-content\/uploads\/sites\/7\/2024\/02\/315458768_504590335040050_7475521004671858432_n.jpg\" class=\"attachment-full size-full wp-image-130\" alt=\"\" srcset=\"https:\/\/dirco.gov.za\/ankara\/wp-content\/uploads\/sites\/7\/2024\/02\/315458768_504590335040050_7475521004671858432_n.jpg 1024w, https:\/\/dirco.gov.za\/ankara\/wp-content\/uploads\/sites\/7\/2024\/02\/315458768_504590335040050_7475521004671858432_n-300x225.jpg 300w, https:\/\/dirco.gov.za\/ankara\/wp-content\/uploads\/sites\/7\/2024\/02\/315458768_504590335040050_7475521004671858432_n-768x576.jpg 768w\" sizes=\"(max-width: 1024px) 100vw, 1024px\" \/>\t\t\t\t\t\t\t\t\t\t\t\t\t\t\t<\/div>\n\t\t\t\t<\/div>\n\t\t\t\t<\/div>\n\t\t\t\t<\/div>\n\t\t\t\t<\/div>\n\t\t","protected":false},"excerpt":{"rendered":"<p>CONTACT US E-mail Addresses General: general.ankara@dirco.gov.za\u00a0 Physical addressTemporary addressY\u0131ld\u0131zevler Mah. Rabindranath Tagore Cad. No: 10\/3-4Y\u0131ld\u0131z \u00c7ankayaAnkara06700T\u00fcrkiye Postal Address Contact numbersTelephone:\u00a0 \u00a0 \u00a0 + 90 312 405 68 61\u00a0\u00a0Tel:\u00a0 \u00a0 \u00a0 \u00a0 \u00a0 \u00a0 \u00a0 \u00a0 \u00a0+ 90 312 405 68 71 (Consular)Fax:\u00a0 \u00a0 \u00a0 \u00a0 \u00a0 \u00a0 \u00a0 \u00a0 \u00a0+ 90 312 446 64 34After [&hellip;]<\/p>\n","protected":false},"author":17,"featured_media":0,"parent":0,"menu_order":0,"comment_status":"closed","ping_status":"closed","template":"","meta":{"_uf_show_specific_survey":0,"_uf_disable_surveys":false,"footnotes":""},"class_list":["post-129","page","type-page","status-publish","hentry"],"_links":{"self":[{"href":"https:\/\/dirco.gov.za\/ankara\/wp-json\/wp\/v2\/pages\/129","targetHints":{"allow":["GET"]}}],"collection":[{"href":"https:\/\/dirco.gov.za\/ankara\/wp-json\/wp\/v2\/pages"}],"about":[{"href":"https:\/\/dirco.gov.za\/ankara\/wp-json\/wp\/v2\/types\/page"}],"author":[{"embeddable":true,"href":"https:\/\/dirco.gov.za\/ankara\/wp-json\/wp\/v2\/users\/17"}],"replies":[{"embeddable":true,"href":"https:\/\/dirco.gov.za\/ankara\/wp-json\/wp\/v2\/comments?post=129"}],"version-history":[{"count":13,"href":"https:\/\/dirco.gov.za\/ankara\/wp-json\/wp\/v2\/pages\/129\/revisions"}],"predecessor-version":[{"id":280,"href":"https:\/\/dirco.gov.za\/ankara\/wp-json\/wp\/v2\/pages\/129\/revisions\/280"}],"wp:attachment":[{"href":"https:\/\/dirco.gov.za\/ankara\/wp-json\/wp\/v2\/media?parent=129"}],"curies":[{"name":"wp","href":"https:\/\/api.w.org\/{rel}","templated":true}]}}